{"id":744,"date":"2015-07-01T19:50:39","date_gmt":"2015-07-01T19:50:39","guid":{"rendered":"http:\/\/avada.theme-fusion.com\/law\/?page_id=744"},"modified":"2026-03-11T15:41:45","modified_gmt":"2026-03-11T15:41:45","slug":"vagas","status":"publish","type":"page","link":"https:\/\/sjdesportivo.com.br\/vagas\/cv\/","title":{"rendered":"SJ Desportivo Vagas"},"content":{"rendered":"<div class=\"fusion-fullwidth fullwidth-box fusion-fullwidth-1  fusion-parallax-none nonhundred-percent-fullwidth\" style=\"border-color:#ffffff;border-bottom-width: 0px;border-top-width: 0px;border-bottom-style: solid;border-top-style: solid;padding-bottom:10px;padding-top:10px;padding-left:;padding-right:;background-color:rgba(255,255,255,0);\"><style type=\"text\/css\" scoped=\"scoped\">.fusion-fullwidth-1 {\n                            padding-left: px !important;\n                            padding-right: px !important;\n                        }<\/style><div class=\"fusion-row\"><div class=\"fusion-sep-clear\"><\/div><div class=\"fusion-separator fusion-full-width-sep sep-single\" style=\"border-color:#054468;border-top-width:5px;margin-left: auto;margin-right: auto;margin-top:;\"><\/div><div class=\"imageframe-align-center\"><span class=\"fusion-imageframe imageframe-none imageframe-1 hover-type-none\"> <img decoding=\"async\" src=\"http:\/\/sjdesportivo1.hospedagemdesites.ws\/vagas\/wp-content\/uploads\/2018\/03\/Logo_SJD_horiz-300x70.png\" alt=\"\" class=\"img-responsive\"\/><\/span><\/div><div class=\"fusion-sep-clear\"><\/div><div class=\"fusion-separator fusion-full-width-sep sep-single\" style=\"border-color:#054468;border-top-width:5px;margin-left: auto;margin-right: auto;margin-top:;\"><\/div><div class=\"fusion-content-boxes content-boxes columns fusion-columns-4 fusion-columns-total-4 fusion-content-boxes-1 content-boxes-icon-on-top row content-left\" data-animationOffset=\"100%\" style=\"margin-top:50px;margin-bottom:10px;\"><style type=\"text\/css\" scoped=\"scoped\">.fusion-content-boxes-1 .heading h2{color:#054468;}\n\t\t\t.fusion-content-boxes-1 .fusion-content-box-hover .link-area-link-icon-hover .heading h2,\n\t\t\t.fusion-content-boxes-1 .fusion-content-box-hover .link-area-link-icon-hover .heading .heading-link h2,\n\t\t\t.fusion-content-boxes-1 .fusion-content-box-hover .link-area-box-hover .heading h2,\n\t\t\t.fusion-content-boxes-1 .fusion-content-box-hover .link-area-box-hover .heading .heading-link h2,\n\t\t\t.fusion-content-boxes-1 .fusion-content-box-hover .link-area-link-icon-hover.link-area-box .fusion-read-more,\n\t\t\t.fusion-content-boxes-1 .fusion-content-box-hover .link-area-link-icon-hover.link-area-box .fusion-read-more::after,\n\t\t\t.fusion-content-boxes-1 .fusion-content-box-hover .link-area-link-icon-hover.link-area-box .fusion-read-more::before,\n\t\t\t.fusion-content-boxes-1 .fusion-content-box-hover .fusion-read-more:hover:after,\n\t\t\t.fusion-content-boxes-1 .fusion-content-box-hover .fusion-read-more:hover:before,\n\t\t\t.fusion-content-boxes-1 .fusion-content-box-hover .fusion-read-more:hover,\n\t\t\t.fusion-content-boxes-1 .fusion-content-box-hover .link-area-box-hover.link-area-box .fusion-read-more,\n\t\t\t.fusion-content-boxes-1 .fusion-content-box-hover .link-area-box-hover.link-area-box .fusion-read-more::after,\n\t\t\t.fusion-content-boxes-1 .fusion-content-box-hover .link-area-box-hover.link-area-box .fusion-read-more::before,\n\t\t\t.fusion-content-boxes-1 .fusion-content-box-hover .link-area-link-icon-hover .icon .circle-no,\n\t\t\t.fusion-content-boxes-1 .fusion-content-box-hover .link-area-box-hover .icon .circle-no {\n\t\t\t\tcolor: #054468 !important;\n\t\t\t}\n\t\t\t.fusion-content-boxes-1 .fusion-content-box-hover .heading-link:hover .icon i.circle-yes,\n\t\t\t.fusion-content-boxes-1 .fusion-content-box-hover .link-area-box:hover .heading-link .icon i.circle-yes,\n\t\t\t.fusion-content-boxes-1 .fusion-content-box-hover .link-area-link-icon-hover .heading .icon i.circle-yes,\n\t\t\t.fusion-content-boxes-1 .fusion-content-box-hover .link-area-box-hover .heading .icon i.circle-yes {\n\t\t\t\tbackground-color: #054468 !important;\n\t\t\t\tborder-color: #054468 !important;\n\t\t\t}<\/style><div class=\"fusion-column content-box-column content-box-column-1 col-lg-3 col-md-3 col-sm-3 fusion-content-box-hover content-box-column-first-in-row\"><div class=\"col content-wrapper link-area-box icon-hover-animation-slide\" style=\"background-color:rgba(255,255,255,0);\"><div class=\"heading heading-with-icon icon-left\"><div class=\"icon\"><i style=\"background-color:transparent;border-color:transparent;height:auto;width:44pxpx;line-height:normal;color:#ffbb00;font-size:44px;\" class=\"fa fontawesome-icon fa-home circle-no\"><\/i><\/div><h2 class=\"content-box-heading\" style=\"font-size: 18px;line-height:23px;\">Endere\u00e7o<\/h2><\/div><div class=\"fusion-clearfix\"><\/div><div class=\"content-container\" style=\"color:#000000;\">\n<p style=\"text-align: center;\"><strong>S\u00e3o Jos\u00e9 Desportivo<\/strong><br \/>\nAv. Tivoli, 128 &#8211; Vila Bet\u00e2nia<br \/>\nS\u00e3o Jos\u00e9 dos Campos\/SP<\/p>\n<\/div><\/div><\/div><div class=\"fusion-column content-box-column content-box-column-2 col-lg-3 col-md-3 col-sm-3 fusion-content-box-hover\"><div class=\"col content-wrapper link-area-box icon-hover-animation-slide\" style=\"background-color:rgba(255,255,255,0);\"><div class=\"heading heading-with-icon icon-left\"><div class=\"icon\"><i style=\"background-color:transparent;border-color:transparent;height:auto;width:44pxpx;line-height:normal;color:#ffbb00;font-size:44px;\" class=\"fa fontawesome-icon fa-clock-o circle-no\"><\/i><\/div><h2 class=\"content-box-heading\" style=\"font-size: 18px;line-height:23px;\">Hor\u00e1rios<\/h2><\/div><div class=\"fusion-clearfix\"><\/div><div class=\"content-container\" style=\"color:#000000;\">\n<p style=\"text-align: center;\">Segunda a Sexta-feira<br \/>\ndas 8h \u00e0s 17h<\/p>\n<\/div><\/div><\/div><div class=\"fusion-column content-box-column content-box-column-3 col-lg-3 col-md-3 col-sm-3 fusion-content-box-hover\"><div class=\"col content-wrapper link-area-box icon-hover-animation-slide\" style=\"background-color:rgba(255,255,255,0);\"><div class=\"heading heading-with-icon icon-left\"><div class=\"icon\"><i style=\"background-color:transparent;border-color:transparent;height:auto;width:44pxpx;line-height:normal;color:#ffbb00;font-size:44px;\" class=\"fa fontawesome-icon fa-phone circle-no\"><\/i><\/div><h2 class=\"content-box-heading\" style=\"font-size: 18px;line-height:23px;\">Telefones<\/h2><\/div><div class=\"fusion-clearfix\"><\/div><div class=\"content-container\" style=\"color:#000000;\">\n<p style=\"text-align: center;\">(12) 3341-7820<br \/>\n<img loading=\"lazy\" decoding=\"async\" class=\"n3VNCb pT0Scc KAlRDb\" role=\"\" src=\"https:\/\/upload.wikimedia.org\/wikipedia\/commons\/thumb\/6\/6b\/WhatsApp.svg\/2044px-WhatsApp.svg.png\" alt=\"Ficheiro:WhatsApp.svg \u2013 Wikip\u00e9dia, a enciclop\u00e9dia livre\" width=\"21\" height=\"21\" aria-label=\"\" data-noaft=\"1\" \/>(12) 3341-7824<\/p>\n<\/div><\/div><\/div><div class=\"fusion-column content-box-column content-box-column-4 col-lg-3 col-md-3 col-sm-3 fusion-content-box-hover content-box-column-last content-box-column-last-in-row\"><div class=\"col content-wrapper link-area-box icon-hover-animation-slide\" style=\"background-color:rgba(255,255,255,0);\"><div class=\"heading heading-with-icon icon-left\"><div class=\"icon\"><i style=\"background-color:transparent;border-color:transparent;height:auto;width:44pxpx;line-height:normal;color:#ffbb00;font-size:44px;\" class=\"fa fontawesome-icon fa-envelope-o circle-no\"><\/i><\/div><h2 class=\"content-box-heading\" style=\"font-size: 18px;line-height:23px;\">Contatos<\/h2><\/div><div class=\"fusion-clearfix\"><\/div><div class=\"content-container\" style=\"color:#000000;\">\n<p style=\"text-align: center;\">rhvagas@sjdesportivo.com.br<br \/>\n<img loading=\"lazy\" decoding=\"async\" class=\"n3VNCb pT0Scc KAlRDb\" role=\"\" src=\"https:\/\/www.itabirito.mg.leg.br\/imagens\/face.png\/image\" alt=\"Logo Face\" width=\"27\" height=\"27\" aria-label=\"\" data-noaft=\"1\" \/>\u00a0\/saojosedesportivo<br \/>\n<img loading=\"lazy\" decoding=\"async\" class=\"n3VNCb pT0Scc KAlRDb\" role=\"\" src=\"https:\/\/images.vexels.com\/media\/users\/3\/137198\/isolated\/lists\/07f0d7b69ef071571e4ada2f4d6a053a-icone-do-instagram-colorido.png\" alt=\"Design PNG E SVG De \u00cdcone Do Instagram Colorido Para Camisetas\" width=\"27\" height=\"27\" aria-label=\"\" data-noaft=\"1\" \/>\u00a0\u00a0@saojosedesportivo<\/p>\n<\/div><\/div><\/div><div class=\"fusion-clearfix\"><\/div><div class=\"fusion-clearfix\"><\/div><\/div><div class=\"fusion-sep-clear\"><\/div><div class=\"fusion-separator fusion-full-width-sep sep-single\" style=\"border-color:#054468;border-top-width:5px;margin-left: auto;margin-right: auto;margin-top:;\"><\/div><div class=\"fusion-sep-clear\"><\/div><div class=\"fusion-separator fusion-full-width-sep sep-none\" style=\"border-color:#005d8c;margin-left: auto;margin-right: auto;margin-top:50px;\"><\/div>\n<h2 style=\"text-align: center;\"><strong>Cadastro de Curr\u00edculo para futuras contrata\u00e7\u00f5es.<\/strong><\/h2>\n<p>O S\u00c3O JOS\u00c9 DESPORTIVO, desde o dia 16\/03\/2023, tem um novo contrato junto \u00e0 Prefeitura de S\u00e3o Jos\u00e9 dos Campos (Secretaria de Esporte e Qualidade de Vida) \u2013 <a href=\"http:\/\/www.sjdesportivo.com.br\/contrato-de-gestao-258-2023\/\">Contrato 258\/2023<\/a><br \/>\nPor isto e visando dar continuidade ao trabalho de excel\u00eancia desenvolvido pelo S\u00c3O JOS\u00c9 DESPORTIVO, junto a popula\u00e7\u00e3o joseense, tornamos p\u00fablico a possibilidade de voc\u00ea fazer parte do nosso quadro de colaboradores.<br \/>\nSempre buscamos profissionais para eventualmente ingressar no nosso quadro de colaboradores, conforme descri\u00e7\u00e3o abaixo.<\/p>\n<p><strong style=\"color: #f6b200; font-size: revert;\">INSTRUTOR DE LUTAS<\/strong><\/p>\n<p>(*) Exig\u00eancias m\u00ednimas para contrata\u00e7\u00e3o dos Instrutores de Lutas:<br \/>\nO Instrutor de Lutas dever\u00e1 ter no m\u00ednimo o Ensino M\u00e9dio, 02 (dois) anos de experi\u00eancia e a qualifica\u00e7\u00e3o abaixo descrita devidamente comprovada.<\/p>\n<table border=\"0\" width=\"895\" cellspacing=\"0\" cellpadding=\"0\">\n<colgroup>\n<col width=\"71\" \/>\n<col width=\"176\" \/>\n<col width=\"648\" \/><\/colgroup>\n<tbody>\n<tr>\n<td class=\"xl65\" width=\"71\" height=\"21\"><strong>Item<\/strong><\/td>\n<td class=\"xl66\" width=\"176\"><strong>Modalidades<\/strong><\/td>\n<td class=\"xl66\" width=\"648\"><strong>Qualifica\u00e7\u00e3o\u00a0<\/strong><\/td>\n<\/tr>\n<tr>\n<td class=\"xl67\" height=\"21\">1<\/td>\n<td class=\"xl68\">Boxe<\/td>\n<td class=\"xl69\">Gradua\u00e7\u00e3o na Federa\u00e7\u00e3o<\/td>\n<\/tr>\n<tr>\n<td class=\"xl67\" height=\"21\">2<\/td>\n<td class=\"xl68\">Boxe Chin\u00eas<\/td>\n<td class=\"xl69\">Gradua\u00e7\u00e3o na Federa\u00e7\u00e3o<\/td>\n<\/tr>\n<tr>\n<td class=\"xl67\" height=\"21\">3<\/td>\n<td class=\"xl68\">Capoeira<\/td>\n<td class=\"xl69\">Certificado ou Diploma no m\u00ednimo de Instrutor<\/td>\n<\/tr>\n<tr>\n<td class=\"xl67\" height=\"21\">4<\/td>\n<td class=\"xl68\">Jiu-Jitsu<\/td>\n<td class=\"xl69\">M\u00ednimo Faixa Preta, Diploma reconhecido pela Federa\u00e7\u00e3o Brasileira ou Paulista da Modalidade<\/td>\n<\/tr>\n<tr>\n<td class=\"xl67\" height=\"21\">5<\/td>\n<td class=\"xl68\">Jud\u00f4<\/td>\n<td class=\"xl69\">M\u00ednimo Faixa Preta, Diploma reconhecido pela Federa\u00e7\u00e3o Brasileira ou Paulista da Modalidade<\/td>\n<\/tr>\n<tr>\n<td class=\"xl67\" height=\"21\">6<\/td>\n<td class=\"xl68\">Karat\u00ea<\/td>\n<td class=\"xl69\">M\u00ednimo Faixa Preta, Diploma reconhecido pela Federa\u00e7\u00e3o Brasileira ou Paulista da Modalidade<\/td>\n<\/tr>\n<tr>\n<td class=\"xl67\" height=\"21\">7<\/td>\n<td class=\"xl68\">Taekwondo<\/td>\n<td class=\"xl69\">M\u00ednimo Faixa Preta, Diploma reconhecido pela Federa\u00e7\u00e3o Brasileira ou Paulista da Modalidade<\/td>\n<\/tr>\n<\/tbody>\n<\/table>\n<h3><div class=\"fusion-sep-clear\"><\/div><div class=\"fusion-separator fusion-full-width-sep sep-single\" style=\"border-color:#054468;border-top-width:5px;margin-left: auto;margin-right: auto;margin-top:;\"><\/div><div class=\"fusion-sep-clear\"><\/div><div class=\"fusion-separator fusion-full-width-sep sep-none\" style=\"border-color:#005d8c;margin-left: auto;margin-right: auto;margin-top:;\"><\/div><\/h3>\n<p><strong style=\"color: #f6b200; font-size: revert;\">CARGOS E FUN\u00c7\u00d5ES<\/strong><\/p>\n<table border=\"0\" width=\"625\" cellspacing=\"0\" cellpadding=\"0\">\n<colgroup>\n<col width=\"296\" \/>\n<col width=\"329\" \/><\/colgroup>\n<tbody>\n<tr>\n<td class=\"xl65\" width=\"296\" height=\"21\"><strong>Cargo\/fun\u00e7\u00e3o<\/strong><\/td>\n<td class=\"xl66\" width=\"329\"><strong>Qualifica\u00e7\u00e3o m\u00ednima exigida para atua\u00e7\u00e3o<\/strong><\/td>\n<\/tr>\n<tr>\n<td class=\"xl67\" width=\"296\" height=\"33\">Aprendiz<\/td>\n<td class=\"xl68\" width=\"329\">Ensino Fundamental<\/td>\n<\/tr>\n<tr>\n<td class=\"xl69\" height=\"33\">Auxiliar Administrativo<\/td>\n<td class=\"xl70\">Ensino M\u00e9dio \/ No\u00e7\u00f5es em Inform\u00e1tica*<\/td>\n<\/tr>\n<tr>\n<td class=\"xl69\" height=\"33\">Auxiliar de Servi\u00e7os Gerais<\/td>\n<td class=\"xl70\">Ensino Fundamental Completo<\/td>\n<\/tr>\n<tr>\n<td class=\"xl69\" height=\"33\">Estagi\u00e1rio Administrativo<\/td>\n<td class=\"xl70\">Cursando Superior<\/td>\n<\/tr>\n<tr>\n<td class=\"xl69\" height=\"33\">Estagi\u00e1rio Educa\u00e7\u00e3o F\u00edsica<\/td>\n<td class=\"xl70\">Cursando Superior<\/td>\n<\/tr>\n<tr>\n<td class=\"xl69\" height=\"33\">Fisioterapeuta<\/td>\n<td class=\"xl70\">Ensino Superior (CREFITO)<\/td>\n<\/tr>\n<tr>\n<td class=\"xl69\" height=\"33\">Instrutor de Lutas<\/td>\n<td class=\"xl68\" width=\"329\">Ensino M\u00e9dio\/Gradua\u00e7\u00e3o na Federa\u00e7\u00e3o (*)<\/td>\n<\/tr>\n<tr>\n<td class=\"xl69\" height=\"33\">Instrutor de Esporte Radicais<\/td>\n<td class=\"xl68\" width=\"329\">Ensino M\u00e9dio\/Curso NR35<\/td>\n<\/tr>\n<tr>\n<td class=\"xl69\" height=\"33\">Profissional de Educa\u00e7\u00e3o F\u00edsica<\/td>\n<td class=\"xl70\">Ensino Superior &#8211; Bacharel com CREF<\/td>\n<\/tr>\n<tr>\n<td class=\"xl69\" height=\"33\">Psic\u00f3logo<\/td>\n<td class=\"xl68\" width=\"329\">Ensino Superior (CRP)<\/td>\n<\/tr>\n<\/tbody>\n<\/table>\n<h3><div class=\"fusion-sep-clear\"><\/div><div class=\"fusion-separator fusion-full-width-sep sep-single\" style=\"border-color:#005d8c;border-top-width:1px;margin-left: auto;margin-right: auto;margin-top:;\"><\/div><\/h3>\n<p><b>*<\/b>No\u00e7\u00f5es de inform\u00e1tica, comprovada com certificado de curso de inform\u00e1tica, ou experi\u00eancia m\u00ednima de 06 (seis) meses na \u00e1rea atrav\u00e9s de Carteira de Trabalho e Previd\u00eancia Social, ou declara\u00e7\u00e3o do empregador com CNPJ, detalhando as atribui\u00e7\u00f5es durante o servi\u00e7o prestado.<\/p>\n<p><span style=\"font-size: revert;\"><\/div><\/div>\n\n\n<div class=\"fusion-fullwidth fullwidth-box fusion-fullwidth-2  fusion-parallax-none nonhundred-percent-fullwidth fusion-equal-height-columns\" style=\"border-color:#ffffff;border-bottom-width: 0px;border-top-width: 0px;border-bottom-style: solid;border-top-style: solid;padding-bottom:0px;padding-top:20px;padding-left:;padding-right:;background-color:#054468;\"><style type=\"text\/css\" scoped=\"scoped\">.fusion-fullwidth-2 {\n                            padding-left: px !important;\n                            padding-right: px !important;\n                        }<\/style><div class=\"fusion-row\"><div class=\"fusion-one-third fusion-layout-column fusion-spacing-yes\" style=\"margin-top:0px;margin-bottom:20px;\"><div class=\"fusion-column-wrapper\"><\/span><\/p>\n<h3><span style=\"color: #ffffff;\">CADASTRO DE CURR\u00cdCULO<\/span><\/h3>\n<p><span style=\"color: #ffffff;\">Os interessados poder\u00e3o enviar o curr\u00edculo, utilizando o formul\u00e1rio ao lado, preenchendo seus dados e anexando seu curr\u00edculo em PDF. <\/span><\/p>\n<div class=\"fusion-clearfix\"><\/div><\/div><\/div><div class=\"fusion-two-third fusion-layout-column fusion-column-last fusion-spacing-yes\" style=\"margin-top:0px;margin-bottom:20px;\"><div class=\"fusion-column-wrapper\">\n<div class=\"wpcf7 no-js\" id=\"wpcf7-f1060-o1\" lang=\"en-US\" dir=\"ltr\" data-wpcf7-id=\"1060\">\n<div class=\"screen-reader-response\"><p role=\"status\" aria-live=\"polite\" aria-atomic=\"true\"><\/p> <ul><\/ul><\/div>\n<form action=\"\/vagas\/cv\/wp-json\/wp\/v2\/pages\/744#wpcf7-f1060-o1\" method=\"post\" class=\"wpcf7-form init\" aria-label=\"Contact form\" enctype=\"multipart\/form-data\" novalidate=\"novalidate\" data-status=\"init\">\n<fieldset class=\"hidden-fields-container\"><input type=\"hidden\" name=\"_wpcf7\" value=\"1060\" \/><input type=\"hidden\" name=\"_wpcf7_version\" value=\"6.1.5\" \/><input type=\"hidden\" name=\"_wpcf7_locale\" value=\"en_US\" \/><input type=\"hidden\" name=\"_wpcf7_unit_tag\" value=\"wpcf7-f1060-o1\" \/><input type=\"hidden\" name=\"_wpcf7_container_post\" value=\"0\" \/><input type=\"hidden\" name=\"_wpcf7_posted_data_hash\" value=\"\" \/>\n<\/fieldset>\n<p><span style=\"color: #ffffff;\"><label> Nome (*)<br \/>\n<span class=\"wpcf7-form-control-wrap\" data-name=\"Nome\"><input size=\"40\" maxlength=\"400\" class=\"wpcf7-form-control wpcf7-text wpcf7-validates-as-required\" aria-required=\"true\" aria-invalid=\"false\" value=\"\" type=\"text\" name=\"Nome\" \/><\/span> <\/label><br \/>\n<span style=\"color: #ffffff;\"><label> Email (*)<br \/>\n<span class=\"wpcf7-form-control-wrap\" data-name=\"Email\"><input size=\"40\" maxlength=\"400\" class=\"wpcf7-form-control wpcf7-email wpcf7-validates-as-required wpcf7-text wpcf7-validates-as-email\" aria-required=\"true\" aria-invalid=\"false\" value=\"\" type=\"email\" name=\"Email\" \/><\/span> <\/label><br \/>\n<span style=\"color: #ffffff;\"><label> Telefone (*)<br \/>\n<span class=\"wpcf7-form-control-wrap\" data-name=\"tel\"><input size=\"40\" maxlength=\"400\" class=\"wpcf7-form-control wpcf7-tel wpcf7-validates-as-required wpcf7-text wpcf7-validates-as-tel\" aria-required=\"true\" aria-invalid=\"false\" value=\"\" type=\"tel\" name=\"tel\" \/><\/span> <\/label><br \/>\n<span style=\"color: #ffffff;\"><label> Cargo (*)<br \/>\n<span class=\"wpcf7-form-control-wrap\" data-name=\"cargo\"><select class=\"wpcf7-form-control wpcf7-select wpcf7-validates-as-required\" aria-required=\"true\" aria-invalid=\"false\" name=\"cargo\"><option value=\"\">&#8212;Please choose an option&#8212;<\/option><option value=\"Aprendiz\">Aprendiz<\/option><option value=\"Auxiliar Administrativo\">Auxiliar Administrativo<\/option><option value=\"Auxiliar de Servi\u00e7os Gerais\">Auxiliar de Servi\u00e7os Gerais<\/option><option value=\"Estagi\u00e1rio Administrativo\">Estagi\u00e1rio Administrativo<\/option><option value=\"Estagi\u00e1rio Educa\u00e7\u00e3o F\u00edsica\">Estagi\u00e1rio Educa\u00e7\u00e3o F\u00edsica<\/option><option value=\"Fisioterapeuta\">Fisioterapeuta<\/option><option value=\"Instrutor de Lutas\">Instrutor de Lutas<\/option><option value=\"Instrutor de Esporte Radicais\">Instrutor de Esporte Radicais<\/option><option value=\"Profissional de Educa\u00e7\u00e3o F\u00edsica\">Profissional de Educa\u00e7\u00e3o F\u00edsica<\/option><option value=\"Psic\u00f3logo\">Psic\u00f3logo<\/option><\/select><\/span><br \/>\n<span style=\"color: #ffffff;\"><label> Curr\u00edculo (*)<br \/>\n<span class=\"wpcf7-form-control-wrap\" data-name=\"arquivo\"><input size=\"40\" class=\"wpcf7-form-control wpcf7-file wpcf7-validates-as-required\" accept=\".jpeg,.jpg,.png,.pdf,.zip,.rar,.docx,.doc\" aria-required=\"true\" aria-invalid=\"false\" type=\"file\" name=\"arquivo\" \/><\/span><br \/>\n<span style=\"color: #ffffff;\"><input class=\"wpcf7-form-control wpcf7-submit has-spinner\" type=\"submit\" value=\"Enviar\" \/><\/span><\/label><\/span><\/label><\/span><\/span><\/span><\/span>\n<\/p><div class=\"wpcf7-response-output\" aria-hidden=\"true\"><\/div>\n<\/form>\n<\/div>\n<div class=\"fusion-clearfix\"><\/div><\/div><\/div><div class=\"fusion-clearfix\"><\/div><\/div><\/div>\n\n\n\n<p><\/p>\n\n\n","protected":false},"excerpt":{"rendered":"","protected":false},"author":1,"featured_media":0,"parent":0,"menu_order":0,"comment_status":"closed","ping_status":"open","template":"100-width.php","meta":{"footnotes":""},"class_list":["post-744","page","type-page","status-publish","hentry"],"_links":{"self":[{"href":"https:\/\/sjdesportivo.com.br\/vagas\/cv\/wp-json\/wp\/v2\/pages\/744","targetHints":{"allow":["GET"]}}],"collection":[{"href":"https:\/\/sjdesportivo.com.br\/vagas\/cv\/wp-json\/wp\/v2\/pages"}],"about":[{"href":"https:\/\/sjdesportivo.com.br\/vagas\/cv\/wp-json\/wp\/v2\/types\/page"}],"author":[{"embeddable":true,"href":"https:\/\/sjdesportivo.com.br\/vagas\/cv\/wp-json\/wp\/v2\/users\/1"}],"replies":[{"embeddable":true,"href":"https:\/\/sjdesportivo.com.br\/vagas\/cv\/wp-json\/wp\/v2\/comments?post=744"}],"version-history":[{"count":167,"href":"https:\/\/sjdesportivo.com.br\/vagas\/cv\/wp-json\/wp\/v2\/pages\/744\/revisions"}],"predecessor-version":[{"id":1316,"href":"https:\/\/sjdesportivo.com.br\/vagas\/cv\/wp-json\/wp\/v2\/pages\/744\/revisions\/1316"}],"wp:attachment":[{"href":"https:\/\/sjdesportivo.com.br\/vagas\/cv\/wp-json\/wp\/v2\/media?parent=744"}],"curies":[{"name":"wp","href":"https:\/\/api.w.org\/{rel}","templated":true}]}}